{"id":37,"date":"2015-10-11T22:50:59","date_gmt":"2015-10-11T22:50:59","guid":{"rendered":"http:\/\/www.wheelsofglory.ch\/?page_id=37"},"modified":"2015-12-15T11:02:56","modified_gmt":"2015-12-15T11:02:56","slug":"goenner","status":"publish","type":"page","link":"https:\/\/www.wheelsofglory.ch\/?page_id=37","title":{"rendered":"G\u00f6nner"},"content":{"rendered":"<p>Vielen Dank f\u00fcr eure Unterst\u00fctzung:<img decoding=\"async\" loading=\"lazy\" class=\"wp-image-55 alignleft\" src=\"http:\/\/www.wheelsofglory.ch\/wp-content\/uploads\/2015\/10\/danke-300x300.jpg\" alt=\"TF-Sticker rund curl unten WIR SAGEN DANKE!\" width=\"221\" height=\"221\" srcset=\"https:\/\/www.wheelsofglory.ch\/wp-content\/uploads\/2015\/10\/danke-300x300.jpg 300w, https:\/\/www.wheelsofglory.ch\/wp-content\/uploads\/2015\/10\/danke-150x150.jpg 150w, https:\/\/www.wheelsofglory.ch\/wp-content\/uploads\/2015\/10\/danke.jpg 346w\" sizes=\"(max-width: 221px) 100vw, 221px\" \/><\/p>\n<p>\u200b<\/p>\n<table style=\"width: 745px; height: 482px;\">\n<tbody>\n<tr>\n<td><a href=\"http:\/\/www.treuhandkoller.ch\" target=\"_blank\">MK-Treuhand GmbH<\/a> &#8211; Mellingen<\/td>\n<td><a href=\"http:\/\/www.treuhandkoller.ch\" target=\"_blank\"><img decoding=\"async\" loading=\"lazy\" class=\"aligncenter wp-image-188\" src=\"http:\/\/www.wheelsofglory.ch\/wp-content\/uploads\/2015\/10\/Koller_P2995U_EPS.jpg\" alt=\"MK-Treuhand\" width=\"144\" height=\"61\" \/><\/a><\/td>\n<\/tr>\n<tr>\n<td><a href=\"http:\/\/www.wettstein-bau-ag.ch\" target=\"_blank\">Wettstein Bau AG<\/a> &#8211; Fislisbach<\/td>\n<td><a href=\"http:\/\/www.wettstein-bau-ag.ch\" target=\"_blank\"><img decoding=\"async\" loading=\"lazy\" class=\"aligncenter wp-image-226 size-full\" src=\"http:\/\/www.wheelsofglory.ch\/wp-content\/uploads\/2015\/11\/logoWM-e1446621830987.gif\" alt=\"logoWM\" width=\"205\" height=\"53\" \/><\/a><\/td>\n<\/tr>\n<tr>\n<td><a href=\"http:\/\/www.jehle-ag.ch\" target=\"_blank\">Jehle Gastro AG<\/a> &#8211; Mellingen<\/td>\n<td><a href=\"http:\/\/www.jehle-ag.ch\" target=\"_blank\" rel=\"http:\/\/www.jehle-ag.ch\"><img decoding=\"async\" loading=\"lazy\" class=\"aligncenter wp-image-231\" src=\"http:\/\/www.wheelsofglory.ch\/wp-content\/uploads\/2015\/10\/630e1a_f92b2c3e896c61bf74bcb483cc8cb8a8.jpg\" alt=\"Jehle\" width=\"123\" height=\"98\" \/><\/a><\/td>\n<\/tr>\n<tr>\n<td><a href=\"http:\/\/www.wullschleger.com\/\" target=\"_blank\">Wullschleger Kanalreinigung AG<\/a> &#8211;\u00a0Adliswil<\/td>\n<td><a href=\"http:\/\/www.wullschleger.com\/\" target=\"_blank\" rel=\"http:\/\/www.wullschleger.com\/\"><img decoding=\"async\" loading=\"lazy\" class=\"aligncenter wp-image-234\" src=\"http:\/\/www.wheelsofglory.ch\/wp-content\/uploads\/2015\/10\/wullschleger.jpg\" alt=\"wullschleger\" width=\"310\" height=\"40\" srcset=\"https:\/\/www.wheelsofglory.ch\/wp-content\/uploads\/2015\/10\/wullschleger.jpg 508w, https:\/\/www.wheelsofglory.ch\/wp-content\/uploads\/2015\/10\/wullschleger-300x39.jpg 300w\" sizes=\"(max-width: 310px) 100vw, 310px\" \/><\/a><\/td>\n<\/tr>\n<tr>\n<td><a href=\"http:\/\/www.ag.grunliberale.ch\" target=\"_blank\">Gr\u00fcnliberale<\/a>\u00a0&#8211; Aargau<\/td>\n<td><a href=\"http:\/\/www.ag.grunliberale.ch\" target=\"_blank\"><img decoding=\"async\" loading=\"lazy\" class=\"size-full wp-image-239 aligncenter\" src=\"http:\/\/www.wheelsofglory.ch\/wp-content\/uploads\/2015\/10\/GLP-Logo-RGB-214x68.jpg\" alt=\"GLP-Logo RGB (214x68)\" width=\"214\" height=\"68\" \/><\/a><\/td>\n<\/tr>\n<tr>\n<td><a href=\"http:\/\/www.faeberhard.ch\/\" target=\"_blank\">Fabienne<\/a> &#8211;\u00a0<a href=\"http:\/\/www.wheelsofglory.ch\/?p=174\">Rickshaw Design<\/a><\/td>\n<td><\/td>\n<\/tr>\n<tr>\n<td><a href=\"http:\/\/www.oliclusive.com\" target=\"_blank\">Oliver Gottschalk<\/a> &#8211; <a href=\"http:\/\/www.wheelsofglory.ch\/?p=203\">Team Logo<\/a><\/td>\n<td><\/td>\n<\/tr>\n<tr>\n<td>Roger &amp; Palma Huber &#8211;\u00a0Birmenstorf<\/td>\n<td><\/td>\n<\/tr>\n<tr>\n<td>Margrit Koller &#8211; Wohlen<\/td>\n<td><\/td>\n<\/tr>\n<tr>\n<td>Andr\u00e9 Rindlisbacher &#8211; Frauenfeld<\/td>\n<td><\/td>\n<\/tr>\n<tr>\n<td>Manuel Luder &#8211; Aargau<\/td>\n<td><\/td>\n<\/tr>\n<tr>\n<td>Stefano Pafumi &#8211; Niederglatt<\/td>\n<td><\/td>\n<\/tr>\n<tr>\n<td>Herby Z\u00fcger &#8211;\u00a0Schwyz<\/td>\n<td><\/td>\n<\/tr>\n<tr>\n<td><\/td>\n<td><\/td>\n<\/tr>\n<tr>\n<td><\/td>\n<td><\/td>\n<\/tr>\n<\/tbody>\n<\/table>\n<p>&nbsp;<\/p>\n<p>&nbsp;<\/p>\n","protected":false},"excerpt":{"rendered":"<p>Vielen Dank f\u00fcr eure Unterst\u00fctzung: \u200b MK-Treuhand GmbH &#8211; Mellingen Wettstein Bau AG &#8211; Fislisbach Jehle Gastro AG &#8211; Mellingen Wullschleger Kanalreinigung AG &#8211;\u00a0Adliswil Gr\u00fcnliberale\u00a0&#8211; Aargau Fabienne &#8211;\u00a0Rickshaw Design Oliver Gottschalk &#8211; Team Logo Roger &amp; Palma Huber &#8211;\u00a0Birmenstorf Margrit Koller &#8211; Wohlen Andr\u00e9 Rindlisbacher &#8211; Frauenfeld Manuel Luder &#8211; Aargau Stefano Pafumi &#8211; Niederglatt [&hellip;]<\/p>\n","protected":false},"author":1,"featured_media":0,"parent":0,"menu_order":0,"comment_status":"closed","ping_status":"closed","template":"template-fullwidth.php","meta":[],"_links":{"self":[{"href":"https:\/\/www.wheelsofglory.ch\/index.php?rest_route=\/wp\/v2\/pages\/37"}],"collection":[{"href":"https:\/\/www.wheelsofglory.ch\/index.php?rest_route=\/wp\/v2\/pages"}],"about":[{"href":"https:\/\/www.wheelsofglory.ch\/index.php?rest_route=\/wp\/v2\/types\/page"}],"author":[{"embeddable":true,"href":"https:\/\/www.wheelsofglory.ch\/index.php?rest_route=\/wp\/v2\/users\/1"}],"replies":[{"embeddable":true,"href":"https:\/\/www.wheelsofglory.ch\/index.php?rest_route=%2Fwp%2Fv2%2Fcomments&post=37"}],"version-history":[{"count":21,"href":"https:\/\/www.wheelsofglory.ch\/index.php?rest_route=\/wp\/v2\/pages\/37\/revisions"}],"predecessor-version":[{"id":242,"href":"https:\/\/www.wheelsofglory.ch\/index.php?rest_route=\/wp\/v2\/pages\/37\/revisions\/242"}],"wp:attachment":[{"href":"https:\/\/www.wheelsofglory.ch\/index.php?rest_route=%2Fwp%2Fv2%2Fmedia&parent=37"}],"curies":[{"name":"wp","href":"https:\/\/api.w.org\/{rel}","templated":true}]}}