{"id":40,"date":"2015-10-12T10:58:00","date_gmt":"2015-10-12T10:58:00","guid":{"rendered":"http:\/\/www.wheelsofglory.ch\/?page_id=40"},"modified":"2015-11-02T13:13:22","modified_gmt":"2015-11-02T13:13:22","slug":"route","status":"publish","type":"page","link":"https:\/\/www.wheelsofglory.ch\/?page_id=40","title":{"rendered":"Route"},"content":{"rendered":"<div id=\"block-yui_3_17_2_10_1439368483192_11284\" data-block-type=\"2\">\n<h3>2500 km durch Indien&#8230;.und mehr&#8230;<\/h3>\n<p>Da es beim\u00a0 Rickshaw Run keine definierte Route gibt, die man abfahren muss ist jedes Team selber f\u00fcr seine Etappen, Routen, Unterk\u00fcnfte und auch kleinere Reparaturen verantwortlich.<\/p>\n<p>Gem\u00e4ss Google Maps ist die Strecke 2424 km lang und in einem Auto in ca. 45 Stunden machbar.<\/p>\n<p>Da man aber bei Google Maps leider nicht die M\u00f6glichkeit hat, eine Rickshaw als Fortbewegungsmittel auszuw\u00e4hlen, sind diese Informationen nur Richtwerte f\u00fcr unsere Planung.<\/p>\n<p>W\u00e4hrend des Rennens k\u00f6nnt Ihr unsere gefahrene Route hier mitverfolgen.<\/p>\n<p>&nbsp;<\/p>\n<p><iframe loading=\"lazy\" style=\"border: 1;\" src=\"https:\/\/www.google.com\/maps\/embed?pb=!1m34!1m12!1m3!1d15523850.703174803!2d64.5599775431909!3d18.209803699607487!2m3!1f0!2f0!3f0!3m2!1i1024!2i768!4f13.1!4m19!3e0!4m5!1s0x3b080d514abec6bf%3A0xbd582caa5844192!2sKochi%2C+Kerala%2C+Indien!3m2!1d9.9312328!2d76.26730409999999!4m5!1s0x3bbfba106336b741%3A0xeaf887ff62f34092!2sGoa%2C+Indien!3m2!1d15.2993265!2d74.12399599999999!4m5!1s0x3947bc28aa1b396b%3A0xf5ef9bd660d66ee3!2sJaisalmer%2C+Rajasthan%2C+Indien!3m2!1d26.915748699999998!2d70.9083443!5e0!3m2!1sde!2sch!4v1445354874913\" width=\"400\" height=\"300\" frameborder=\"1\" allowfullscreen=\"allowfullscreen\"><\/iframe><\/p>\n<\/div>\n<p>&nbsp;<\/p>\n<p>Hier noch ein Auszug aus Wikipedia, \u00fcber die Verkehrsregeln in Indien:<\/p>\n<p><em>&#8222;Es herrscht offiziell\u00a0Linksverkehr\u00a0f\u00fcr Stra\u00dfenfahrzeuge. Verkehrsregeln gibt es ansonsten nur theoretisch. In der Praxis hat grunds\u00e4tzlich das schwerere Fahrzeug Vorfahrt \u2013 LKWs lassen sich also von Motorr\u00e4dern im Gegenverkehr nicht vom \u00dcberholen abhalten. Lichthupe bedeutet soviel wie \u201eAus dem Weg! Ich halte nicht an\u201c. Dies wird z.\u00a0B. bei Gegenverkehr an Engstellen eingesetzt&#8220;<\/em><\/p>\n","protected":false},"excerpt":{"rendered":"<p>2500 km durch Indien&#8230;.und mehr&#8230; Da es beim\u00a0 Rickshaw Run keine definierte Route gibt, die man abfahren muss ist jedes Team selber f\u00fcr seine Etappen, Routen, Unterk\u00fcnfte und auch kleinere Reparaturen verantwortlich. Gem\u00e4ss Google Maps ist die Strecke 2424 km lang und in einem Auto in ca. 45 Stunden machbar. Da man aber bei Google [&hellip;]<\/p>\n","protected":false},"author":1,"featured_media":0,"parent":0,"menu_order":0,"comment_status":"closed","ping_status":"closed","template":"template-fullwidth.php","meta":[],"_links":{"self":[{"href":"https:\/\/www.wheelsofglory.ch\/index.php?rest_route=\/wp\/v2\/pages\/40"}],"collection":[{"href":"https:\/\/www.wheelsofglory.ch\/index.php?rest_route=\/wp\/v2\/pages"}],"about":[{"href":"https:\/\/www.wheelsofglory.ch\/index.php?rest_route=\/wp\/v2\/types\/page"}],"author":[{"embeddable":true,"href":"https:\/\/www.wheelsofglory.ch\/index.php?rest_route=\/wp\/v2\/users\/1"}],"replies":[{"embeddable":true,"href":"https:\/\/www.wheelsofglory.ch\/index.php?rest_route=%2Fwp%2Fv2%2Fcomments&post=40"}],"version-history":[{"count":19,"href":"https:\/\/www.wheelsofglory.ch\/index.php?rest_route=\/wp\/v2\/pages\/40\/revisions"}],"predecessor-version":[{"id":219,"href":"https:\/\/www.wheelsofglory.ch\/index.php?rest_route=\/wp\/v2\/pages\/40\/revisions\/219"}],"wp:attachment":[{"href":"https:\/\/www.wheelsofglory.ch\/index.php?rest_route=%2Fwp%2Fv2%2Fmedia&parent=40"}],"curies":[{"name":"wp","href":"https:\/\/api.w.org\/{rel}","templated":true}]}}